{"id":2766,"date":"2020-03-31T07:00:17","date_gmt":"2020-03-31T07:00:17","guid":{"rendered":"https:\/\/enoturismo.casalfarneto.it\/?page_id=2766"},"modified":"2024-09-09T09:47:52","modified_gmt":"2024-09-09T09:47:52","slug":"kontakt","status":"publish","type":"page","link":"https:\/\/enoturismo.casalfarneto.it\/de\/kontakt\/","title":{"rendered":"Kontakt"},"content":{"rendered":"<section class=\"wpb-content-wrapper\"><p>[vc_row css=&#8221;.vc_custom_1585744190514{margin-top: 50px !important;}&#8221;][vc_column width=&#8221;1\/3&#8243;][vc_custom_heading text=&#8221;Wir laden Sie ein,<br \/>\nCasalFarneto zu entdecken&#8221; font_container=&#8221;tag:h2|font_size:64px|text_align:left&#8221; use_theme_fonts=&#8221;yes&#8221; css=&#8221;.vc_custom_1681918220707{margin-top: 5px !important;}&#8221;][\/vc_column][vc_column width=&#8221;2\/3&#8243;][vc_custom_heading text=&#8221;SIE K\u00d6NNEN DIE WEINKELLEREI BESICHTIGEN UND UNSERE REGION KENNENLERNEN&#8221; font_container=&#8221;tag:h3|text_align:left&#8221; use_theme_fonts=&#8221;yes&#8221; css=&#8221;.vc_custom_1681918229569{margin-bottom: 0px !important;}&#8221;][vc_custom_heading text=&#8221;Uns zu kontaktieren ist ganz einfach, f\u00fcllen Sie das untenstehende Formular aus und fordern Sie genaue Informationen zu Besichtigungen und Verkostungen an. CasalFarneto freut sich immer, Sie auf einer Entdeckungsreise durch die Welt des Weins zu begleiten!&#8221; font_container=&#8221;tag:p|font_size:18px|text_align:left|color:%2349483e|line_height:30px&#8221; use_theme_fonts=&#8221;yes&#8221;][\/vc_column][\/vc_row][vc_row full_width=&#8221;stretch_row_content_no_spaces&#8221;][vc_column][vc_raw_html]JTNDaWZyYW1lJTIwc3JjJTNEJTIyaHR0cHMlM0ElMkYlMkZ3d3cuZ29vZ2xlLmNvbSUyRm1hcHMlMkZlbWJlZCUzRnBiJTNEJTIxMW0xOCUyMTFtMTIlMjExbTMlMjExZDQ2MjkzLjMzMjgyOTI1NjEzJTIxMmQxMi45OTkzODU3MTUzNzA4NTYlMjEzZDQzLjUxNjI0MTg3OTAyMzgyJTIxMm0zJTIxMWYwJTIxMmYwJTIxM2YwJTIxM20yJTIxMWkxMDI0JTIxMmk3NjglMjE0ZjEzLjElMjEzbTMlMjExbTIlMjExczB4MTMyZGE1MjFjMzUyOTIyOSUyNTNBMHg5ZmJkOTkyNWQ5MTJiMTEyJTIxMnNDYW50aW5hJTI1MjBDYXNhbEZhcm5ldG8lMjE1ZTAlMjEzbTIlMjExc2l0JTIxMnNpdCUyMTR2MTU4Njg1NzcwNTE2OSUyMTVtMiUyMTFzaXQlMjEyc2l0JTIyJTIwd2lkdGglM0QlMjIxMDAlMjUlMjIlMjBoZWlnaHQlM0QlMjI1NTAlMjIlMjBmcmFtZWJvcmRlciUzRCUyMjAlMjIlMjBzdHlsZSUzRCUyMmJvcmRlciUzQTAlM0IlMjIlMjBhbGxvd2Z1bGxzY3JlZW4lM0QlMjIlMjIlMjBhcmlhLWhpZGRlbiUzRCUyMmZhbHNlJTIyJTIwdGFiaW5kZXglM0QlMjIwJTIyJTNFJTNDJTJGaWZyYW1lJTNF[\/vc_raw_html][\/vc_column][\/vc_row][vc_row][vc_column width=&#8221;1\/3&#8243;][vc_custom_heading text=&#8221;BUCHEN SIE IHREN BESUCH&#8221; font_container=&#8221;tag:h3|text_align:left&#8221; use_theme_fonts=&#8221;yes&#8221; css=&#8221;.vc_custom_1681918249410{margin-bottom: 20px !important;}&#8221;][vc_column_text]<strong>CasalFarneto<\/strong> bietet F\u00fchrungen durch die Kellerei an, um einen Einblick in die <strong>Weinproduktion und die moderne Struktur<\/strong> inmitten der H\u00fcgellandschaft zu gewinnen und in das Herz der Weinberge einzutauchen. Sie k\u00f6nnen mit der Beratung unserer Experten edelste Weine verkosten und exquisite Kombinationen kennenlernen, um den Geschmack der Qualit\u00e4t in jeder Hinsicht zu erleben! F\u00fcllen Sie das Formular mit Ihren Daten aus, um N\u00e4heres zu erfahren, und wir werden Ihnen alle gew\u00fcnschten Informationen liefern.<\/p>\n<p>Wir erwarten Sie![\/vc_column_text][vc_custom_heading text=&#8221;Besuch und Verkostung:&#8221; font_container=&#8221;tag:h3|text_align:left&#8221; use_theme_fonts=&#8221;yes&#8221; css=&#8221;.vc_custom_1681918349264{margin-bottom: 20px !important;}&#8221;][vc_column_text]<strong>Von Montag bis Freitag:<br \/>\n<\/strong>10:00 \u2013 12:00 \/ 15:00 &#8211; 18:30<br \/>\n<strong>Samstag <\/strong><strong>und Sonntag:<\/strong><br \/>\nauf Reservierungen (Gruppen von mindestens 10 Personen)[\/vc_column_text][vc_column_text]<strong>Besuch und Verkostung:<\/strong><br \/>\nTel. +39 0731 889001<br \/>\nCel. +39 331 1354825<br \/>\n<a href=\"mailto:contatti@casalerita.it\">contatti@casalerita.it<\/a>[\/vc_column_text][\/vc_column][vc_column width=&#8221;2\/3&#8243; css=&#8221;.vc_custom_1586857241547{margin-top: 0px !important;padding-top: 25px !important;padding-right: 25px !important;padding-bottom: 25px !important;padding-left: 25px !important;background-color: #ffffff !important;}&#8221;][dhvc_form id=&#8221;2352&#8243;][\/vc_column][\/vc_row]<\/p>\n<\/section>","protected":false},"excerpt":{"rendered":"<p>[vc_row css=&#8221;.vc_custom_1585744190514{margin-top: 50px !important;}&#8221;][vc_column width=&#8221;1\/3&#8243;][vc_custom_heading text=&#8221;Wir laden Sie ein, CasalFarneto [&hellip;]<\/p>\n","protected":false},"author":1,"featured_media":0,"parent":0,"menu_order":0,"comment_status":"closed","ping_status":"closed","template":"","meta":[],"yoast_head":"<!-- This site is optimized with the Yoast SEO plugin v20.5 - https:\/\/yoast.com\/wordpress\/plugins\/seo\/ -->\n<title>Kontakt - Enoturismo CasalFarneto<\/title>\n<meta name=\"robots\" content=\"index, follow, max-snippet:-1, max-image-preview:large, max-video-preview:-1\" \/>\n<link rel=\"canonical\" href=\"https:\/\/enoturismo.casalfarneto.it\/de\/kontakt\/\" \/>\n<meta property=\"og:locale\" content=\"de_DE\" \/>\n<meta property=\"og:type\" content=\"article\" \/>\n<meta property=\"og:title\" content=\"Kontakt - Enoturismo CasalFarneto\" \/>\n<meta property=\"og:description\" content=\"[vc_row css=&#8221;.vc_custom_1585744190514{margin-top: 50px !important;}&#8221;][vc_column width=&#8221;1\/3&#8243;][vc_custom_heading text=&#8221;Wir laden Sie ein, CasalFarneto [&hellip;]\" \/>\n<meta property=\"og:url\" content=\"https:\/\/enoturismo.casalfarneto.it\/de\/kontakt\/\" \/>\n<meta property=\"og:site_name\" content=\"Enoturismo CasalFarneto\" \/>\n<meta property=\"article:modified_time\" content=\"2024-09-09T09:47:52+00:00\" \/>\n<meta name=\"twitter:card\" content=\"summary_large_image\" \/>\n<meta name=\"twitter:label1\" content=\"Gesch\u00e4tzte Lesezeit\" \/>\n\t<meta name=\"twitter:data1\" content=\"2\u00a0Minuten\" \/>\n<script type=\"application\/ld+json\" class=\"yoast-schema-graph\">{\"@context\":\"https:\/\/schema.org\",\"@graph\":[{\"@type\":\"WebPage\",\"@id\":\"https:\/\/enoturismo.casalfarneto.it\/de\/kontakt\/\",\"url\":\"https:\/\/enoturismo.casalfarneto.it\/de\/kontakt\/\",\"name\":\"Kontakt - Enoturismo CasalFarneto\",\"isPartOf\":{\"@id\":\"https:\/\/enoturismo.casalfarneto.it\/de\/#website\"},\"datePublished\":\"2020-03-31T07:00:17+00:00\",\"dateModified\":\"2024-09-09T09:47:52+00:00\",\"breadcrumb\":{\"@id\":\"https:\/\/enoturismo.casalfarneto.it\/de\/kontakt\/#breadcrumb\"},\"inLanguage\":\"de\",\"potentialAction\":[{\"@type\":\"ReadAction\",\"target\":[\"https:\/\/enoturismo.casalfarneto.it\/de\/kontakt\/\"]}]},{\"@type\":\"BreadcrumbList\",\"@id\":\"https:\/\/enoturismo.casalfarneto.it\/de\/kontakt\/#breadcrumb\",\"itemListElement\":[{\"@type\":\"ListItem\",\"position\":1,\"name\":\"Home\",\"item\":\"https:\/\/enoturismo.casalfarneto.it\/de\/\"},{\"@type\":\"ListItem\",\"position\":2,\"name\":\"Kontakt\"}]},{\"@type\":\"WebSite\",\"@id\":\"https:\/\/enoturismo.casalfarneto.it\/de\/#website\",\"url\":\"https:\/\/enoturismo.casalfarneto.it\/de\/\",\"name\":\"Enoturismo CasalFarneto\",\"description\":\"\",\"potentialAction\":[{\"@type\":\"SearchAction\",\"target\":{\"@type\":\"EntryPoint\",\"urlTemplate\":\"https:\/\/enoturismo.casalfarneto.it\/de\/?s={search_term_string}\"},\"query-input\":\"required name=search_term_string\"}],\"inLanguage\":\"de\"}]}<\/script>\n<!-- \/ Yoast SEO plugin. -->","yoast_head_json":{"title":"Kontakt - Enoturismo CasalFarneto","robots":{"index":"index","follow":"follow","max-snippet":"max-snippet:-1","max-image-preview":"max-image-preview:large","max-video-preview":"max-video-preview:-1"},"canonical":"https:\/\/enoturismo.casalfarneto.it\/de\/kontakt\/","og_locale":"de_DE","og_type":"article","og_title":"Kontakt - Enoturismo CasalFarneto","og_description":"[vc_row css=&#8221;.vc_custom_1585744190514{margin-top: 50px !important;}&#8221;][vc_column width=&#8221;1\/3&#8243;][vc_custom_heading text=&#8221;Wir laden Sie ein, CasalFarneto [&hellip;]","og_url":"https:\/\/enoturismo.casalfarneto.it\/de\/kontakt\/","og_site_name":"Enoturismo CasalFarneto","article_modified_time":"2024-09-09T09:47:52+00:00","twitter_card":"summary_large_image","twitter_misc":{"Gesch\u00e4tzte Lesezeit":"2\u00a0Minuten"},"schema":{"@context":"https:\/\/schema.org","@graph":[{"@type":"WebPage","@id":"https:\/\/enoturismo.casalfarneto.it\/de\/kontakt\/","url":"https:\/\/enoturismo.casalfarneto.it\/de\/kontakt\/","name":"Kontakt - Enoturismo CasalFarneto","isPartOf":{"@id":"https:\/\/enoturismo.casalfarneto.it\/de\/#website"},"datePublished":"2020-03-31T07:00:17+00:00","dateModified":"2024-09-09T09:47:52+00:00","breadcrumb":{"@id":"https:\/\/enoturismo.casalfarneto.it\/de\/kontakt\/#breadcrumb"},"inLanguage":"de","potentialAction":[{"@type":"ReadAction","target":["https:\/\/enoturismo.casalfarneto.it\/de\/kontakt\/"]}]},{"@type":"BreadcrumbList","@id":"https:\/\/enoturismo.casalfarneto.it\/de\/kontakt\/#breadcrumb","itemListElement":[{"@type":"ListItem","position":1,"name":"Home","item":"https:\/\/enoturismo.casalfarneto.it\/de\/"},{"@type":"ListItem","position":2,"name":"Kontakt"}]},{"@type":"WebSite","@id":"https:\/\/enoturismo.casalfarneto.it\/de\/#website","url":"https:\/\/enoturismo.casalfarneto.it\/de\/","name":"Enoturismo CasalFarneto","description":"","potentialAction":[{"@type":"SearchAction","target":{"@type":"EntryPoint","urlTemplate":"https:\/\/enoturismo.casalfarneto.it\/de\/?s={search_term_string}"},"query-input":"required name=search_term_string"}],"inLanguage":"de"}]}},"_links":{"self":[{"href":"https:\/\/enoturismo.casalfarneto.it\/de\/wp-json\/wp\/v2\/pages\/2766"}],"collection":[{"href":"https:\/\/enoturismo.casalfarneto.it\/de\/wp-json\/wp\/v2\/pages"}],"about":[{"href":"https:\/\/enoturismo.casalfarneto.it\/de\/wp-json\/wp\/v2\/types\/page"}],"author":[{"embeddable":true,"href":"https:\/\/enoturismo.casalfarneto.it\/de\/wp-json\/wp\/v2\/users\/1"}],"replies":[{"embeddable":true,"href":"https:\/\/enoturismo.casalfarneto.it\/de\/wp-json\/wp\/v2\/comments?post=2766"}],"version-history":[{"count":6,"href":"https:\/\/enoturismo.casalfarneto.it\/de\/wp-json\/wp\/v2\/pages\/2766\/revisions"}],"predecessor-version":[{"id":2858,"href":"https:\/\/enoturismo.casalfarneto.it\/de\/wp-json\/wp\/v2\/pages\/2766\/revisions\/2858"}],"wp:attachment":[{"href":"https:\/\/enoturismo.casalfarneto.it\/de\/wp-json\/wp\/v2\/media?parent=2766"}],"curies":[{"name":"wp","href":"https:\/\/api.w.org\/{rel}","templated":true}]}}